{"id":630,"date":"2018-10-24T10:12:48","date_gmt":"2018-10-24T08:12:48","guid":{"rendered":"https:\/\/marcel2cv.de\/?page_id=630"},"modified":"2018-10-24T10:41:19","modified_gmt":"2018-10-24T08:41:19","slug":"sbf-lernphase2","status":"publish","type":"page","link":"https:\/\/marcel2cv.de\/?page_id=630","title":{"rendered":"SBF-Lernphase2"},"content":{"rendered":"<h1 id=\"ait\"><\/h1>\n<p>So, f\u00fcr die SBF-Binnen-Pr\u00fcfung bin ich angemeldet, alle Unterlagen sind beim Pr\u00fcfungsausschuss eingereicht (\u00fcbrigens ein anderer als beim SBF-See), also auf in die zweite Lernphase.<\/p>\n<p>Die stellt sich jetzt doch um einiges einfacher dar als die erste. Einerseits bin ich jetzt schon so richtig sch\u00f6n im Lernfluss drin, andererseits muss ich jetzt deutlich weniger Fragen lernen, weil durch den schon vorhandenen SBF-See einige allgemeine Fragen wegfallen und der Stoff auch insgesamt nicht so umfangreich ist.<\/p>\n<p>Ich lerne wieder per App, ein Buch habe ich mir f\u00fcr die Geschichte hier jetzt nicht mehr gekauft. Der Stoff ist jetzt auch nicht mehr allzu kompliziert, nur bei der Lichterf\u00fchrung und den Ausweichregeln gibt es zum Teil deutliche Abweichungen und mehr Regeln. Ich stelle es mir aus diesem Grund auch sehr schwierig vor, die beiden SBF an einem Tag zu machen. M\u00f6glich ist es sicher, aber da kann man auch ordentlich durcheinanderkommen.<\/p>\n<p>Wieder lerne ich, bis jeder m\u00f6gliche Pr\u00fcfungsbogen fehlerfrei klappt und f\u00fchle mich gut vorbereitet f\u00fcr die -erst einmal- letzte Pr\u00fcfung.<\/p>\n<p>Weiter zur <a href=\"https:\/\/marcel2cv.de\/?page_id=634#ait\">Pr\u00fcfung Binnen<\/a>.<\/p>\n","protected":false},"excerpt":{"rendered":"<p>So, f\u00fcr die SBF-Binnen-Pr\u00fcfung bin ich angemeldet, alle Unterlagen sind beim Pr\u00fcfungsausschuss eingereicht (\u00fcbrigens ein anderer als beim SBF-See), also auf in die zweite Lernphase. Die stellt sich jetzt doch<a href=\"https:\/\/marcel2cv.de\/?page_id=630\" class=\"more-link\"><span class=\"more-button\">Continue reading<span class=\"screen-reader-text\">SBF-Lernphase2<\/span><\/span><\/a><\/p>\n","protected":false},"author":2,"featured_media":0,"parent":510,"menu_order":70,"comment_status":"closed","ping_status":"closed","template":"","meta":{"footnotes":""},"class_list":["post-630","page","type-page","status-publish","hentry"],"_links":{"self":[{"href":"https:\/\/marcel2cv.de\/index.php?rest_route=\/wp\/v2\/pages\/630","targetHints":{"allow":["GET"]}}],"collection":[{"href":"https:\/\/marcel2cv.de\/index.php?rest_route=\/wp\/v2\/pages"}],"about":[{"href":"https:\/\/marcel2cv.de\/index.php?rest_route=\/wp\/v2\/types\/page"}],"author":[{"embeddable":true,"href":"https:\/\/marcel2cv.de\/index.php?rest_route=\/wp\/v2\/users\/2"}],"replies":[{"embeddable":true,"href":"https:\/\/marcel2cv.de\/index.php?rest_route=%2Fwp%2Fv2%2Fcomments&post=630"}],"version-history":[{"count":3,"href":"https:\/\/marcel2cv.de\/index.php?rest_route=\/wp\/v2\/pages\/630\/revisions"}],"predecessor-version":[{"id":640,"href":"https:\/\/marcel2cv.de\/index.php?rest_route=\/wp\/v2\/pages\/630\/revisions\/640"}],"up":[{"embeddable":true,"href":"https:\/\/marcel2cv.de\/index.php?rest_route=\/wp\/v2\/pages\/510"}],"wp:attachment":[{"href":"https:\/\/marcel2cv.de\/index.php?rest_route=%2Fwp%2Fv2%2Fmedia&parent=630"}],"curies":[{"name":"wp","href":"https:\/\/api.w.org\/{rel}","templated":true}]}}