{"id":573,"date":"2018-10-17T14:05:22","date_gmt":"2018-10-17T12:05:22","guid":{"rendered":"https:\/\/marcel2cv.de\/?page_id=573"},"modified":"2019-08-09T16:57:04","modified_gmt":"2019-08-09T14:57:04","slug":"sbf-praxis","status":"publish","type":"page","link":"https:\/\/marcel2cv.de\/?page_id=573","title":{"rendered":"SBF-Praxis"},"content":{"rendered":"<h1 id=\"ait\"><\/h1>\n<p><a href=\"https:\/\/marcel2cv.de\/wp-content\/uploads\/20170409_145022.jpg\" data-rel=\"lightbox-image-0\" data-rl_title=\"\" data-rl_caption=\"\" title=\"\"><img loading=\"lazy\" decoding=\"async\" class=\"aligncenter size-full wp-image-571\" src=\"https:\/\/marcel2cv.de\/wp-content\/uploads\/20170409_145022.jpg\" alt=\"\" width=\"800\" height=\"450\" srcset=\"https:\/\/marcel2cv.de\/wp-content\/uploads\/20170409_145022.jpg 800w, https:\/\/marcel2cv.de\/wp-content\/uploads\/20170409_145022-300x169.jpg 300w, https:\/\/marcel2cv.de\/wp-content\/uploads\/20170409_145022-768x432.jpg 768w, https:\/\/marcel2cv.de\/wp-content\/uploads\/20170409_145022-640x360.jpg 640w, https:\/\/marcel2cv.de\/wp-content\/uploads\/20170409_145022-100x56.jpg 100w\" sizes=\"auto, (max-width: 800px) 100vw, 800px\" \/><\/a><br \/>\n<strong>09.04.2017<\/strong><br \/>\nEndlich geht es los! Endlich d\u00fcrfen wir uns f\u00fcr wochenlanges Lernen mit praktischem Unterricht belohnen! Wir treffen uns mit einer kleinen Teilgruppe unseres Vorbereitungskurses (\u00fcber den die praktische Ausbildung organisiert wurde) an der Marina im Duisburger Binnenhafen.<\/p>\n<p>Das Boot, das wir bald steuern sollen, ist eine gut acht Meter lange Sagatour 27 mit dem Namen <em>Gisel A<\/em>. Ausbilder Dieter zieht uns direkt mal gut gelaunt einen Zahn: <em>\u201eIch kann euch in der kurzen Zeit nicht beibringen, wie man Boot f\u00e4hrt. Ich bringe euch bei, wie ihr die Pr\u00fcfung besteht\u201c<\/em>. Kurz mal schlucken. Aber nat\u00fcrlich hat er Recht. In zwei kurzen Praxiseinheiten mit vier bis f\u00fcnf Sch\u00fclern an Bord reicht die Zeit einfach nicht f\u00fcr mehr. Aber mehr ist ja auch erst einmal nicht erforderlich (und kann im Zweifel auch problemlos nachgebucht werden).<\/p>\n<figure id=\"attachment_570\" aria-describedby=\"caption-attachment-570\" style=\"width: 800px\" class=\"wp-caption aligncenter\"><img loading=\"lazy\" decoding=\"async\" class=\"size-full wp-image-570\" src=\"https:\/\/marcel2cv.de\/wp-content\/uploads\/20170409_135028.jpg\" alt=\"\" width=\"800\" height=\"450\" srcset=\"https:\/\/marcel2cv.de\/wp-content\/uploads\/20170409_135028.jpg 800w, https:\/\/marcel2cv.de\/wp-content\/uploads\/20170409_135028-300x169.jpg 300w, https:\/\/marcel2cv.de\/wp-content\/uploads\/20170409_135028-768x432.jpg 768w, https:\/\/marcel2cv.de\/wp-content\/uploads\/20170409_135028-640x360.jpg 640w, https:\/\/marcel2cv.de\/wp-content\/uploads\/20170409_135028-100x56.jpg 100w\" sizes=\"auto, (max-width: 800px) 100vw, 800px\" \/><figcaption id=\"caption-attachment-570\" class=\"wp-caption-text\">Unser \u00dcbungsrevier<\/figcaption><\/figure>\n<p>W\u00e4hrend die <em>Gisel A<\/em> noch am Steg festgemacht ist, erkl\u00e4rt Dieter die Grundeigenschaften des Bootes und die wenigen Bedienelemente, die uns f\u00fcr die Pr\u00fcfungsfahrt interessieren m\u00fcssen. Ich hatte eigentlich vor, mich f\u00fcr das erste Ablegen und die Fahrt zum gr\u00f6\u00dferen Becken, in dem wir \u00fcben sollen, sch\u00f6n im Hintergrund zu halten. Irgendwie schl\u00e4gt mein Plan jedoch fehl und ich finde mich unversehens hinterm Steuer wieder. Nun gut, ich bin ja auch zum Bootfahren hierhin gekommen. Geht auch alles glatt. Auf dem Weg zum Becken gibt Dieter schon mal ein paar Tipps f\u00fcr die Pr\u00fcfung und plaudert ein bisschen aus dem N\u00e4hk\u00e4stchen. Und dann wird es ernst. Wir nehmen nun erst einmal jedes Man\u00f6ver einzeln durch, das wir f\u00fcr die Pr\u00fcfung k\u00f6nnen m\u00fcssen. Und zwar sind das die folgenden Pflichtman\u00f6ver, die in jedem Fall drankommen und die alle bestanden werden m\u00fcssen:<\/p>\n<p>1. Rettungsman\u00f6ver unter Maschine<br \/>\n(Mensch \u00fcber Bord)<br \/>\n2. Anlegen unter Maschine<br \/>\n3. Ablegen unter Maschine<br \/>\n4. Steuern nach Kompass<br \/>\n5. Peilen; Einfache oder Kreuzpeilung<\/p>\n<p>Und die sonstigen Man\u00f6ver, von denen drei drankommen und mindestens zwei ausreichend ausgef\u00fchrt werden m\u00fcssen:<\/p>\n<p>1. Kursgerechtes Aufstoppen<br \/>\n2. Wenden auf engem Raum<br \/>\n3. Steuern nach Schifffahrtszeichen\/<br \/>\nLandmarken<br \/>\n4. Anlegen einer Rettungsweste\/<br \/>\neines Sicherheitsgurts<br \/>\n5. Man\u00f6verschallsignal (eins von drei)<\/p>\n<p>Die Man\u00f6ver werden alle mit eingekuppeltem Motor und Standgas gefahren, wir sind also wirklich langsam unterwegs. Aber trotzdem kommt einem das alles ganz sch\u00f6n rasant vor, zumal das Hafenbecken auch nicht so riesig ist.<\/p>\n<p>In dieser ersten Praxiseinheit proben wir jedes Man\u00f6ver einzeln und wechseln solange, bis jeder das Man\u00f6ver gefahren ist. Bei unserem zweiten praktischen Unterricht werden wir dann eine richtige Pr\u00fcfung simulieren.<\/p>\n<p><img loading=\"lazy\" decoding=\"async\" class=\"aligncenter size-full wp-image-569\" src=\"https:\/\/marcel2cv.de\/wp-content\/uploads\/20170423_130248.jpg\" alt=\"\" width=\"800\" height=\"450\" srcset=\"https:\/\/marcel2cv.de\/wp-content\/uploads\/20170423_130248.jpg 800w, https:\/\/marcel2cv.de\/wp-content\/uploads\/20170423_130248-300x169.jpg 300w, https:\/\/marcel2cv.de\/wp-content\/uploads\/20170423_130248-768x432.jpg 768w, https:\/\/marcel2cv.de\/wp-content\/uploads\/20170423_130248-640x360.jpg 640w, https:\/\/marcel2cv.de\/wp-content\/uploads\/20170423_130248-100x56.jpg 100w\" sizes=\"auto, (max-width: 800px) 100vw, 800px\" \/><br \/>\n<strong>23.04.2017<\/strong><br \/>\nDa ist er auch schon, der zweite Praxisunterricht. Dieses Mal f\u00e4hrt jeder von uns eine ganze simulierte Pr\u00fcfungsfahrt durch, und als alle damit durch sind, das Ganze noch mal von vorne. Diese Variante gef\u00e4llt uns deutlich besser; man kann sich einfach besser konzentrieren, wenn man ein paar Minuten am St\u00fcck am Steuer sitzt. Die meisten von uns sind sehr zuversichtlich f\u00fcr die Pr\u00fcfung. Wenn da alles so klappt wie heute, dann sollte das schon hinhauen.<\/p>\n<p><strong>Ein paar Tipps aus der Praxis:<\/strong><\/p>\n<p><strong>Verst\u00e4ndigung an Bord<\/strong><br \/>\nAuf dem Boot ist es vermutlich relativ laut. Der Motor wummert, die Wellen platschen gegen den Rumpf, vielleicht gibt es auch noch Wind. Umso wichtiger ist es, dass die Verst\u00e4ndigung laut und deutlich gef\u00fchrt wird. Je sicherer Ihr dabei klingt, desto besser ist auch der Eindruck, den Ihr beim Pr\u00fcfer hinterlasst. Wenn Ihr Kommandos gebt, dann sollten die nicht nach einer Frage klingen. Wichtig ist auch, dass Ihr die Kommandos, die Euch der Pr\u00fcfer gibt, laut und deutlich wiederholt. Wenn er zum Beispiel das Kommando &#8222;neuer Kurs: 130\u00b0&#8220; gibt und Ihr habt aber nur 30\u00b0 verstanden, dann hat er so die Gelegenheit, Euch zu korrigieren oder sich aus Nettigkeit f\u00fcr den von Euch falsch geh\u00f6rten Kurs umzuentscheiden. Best\u00e4tigt Ihr ihm sein Kommando nicht, fahrt Ihr 100\u00b0 daneben und die Aufgabe ist nicht bestanden.<\/p>\n<p><strong>Himmelsrichtungen<\/strong><br \/>\nWenn Ihr Eure Pr\u00fcfung im gleichen Revier fahrt wie den Praxisunterricht, dann pr\u00e4gt Euch doch schon mal so ganz grob die Himmelsrichtungen in eben diesem Revier ein. Wenn es um das Steuern nach Kompass geht, wird Euch eine mehr oder weniger willk\u00fcrliche Gradzahl angesagt, in deren Richtung nun gesteuert werden soll. Und dabei wird erwartet, dass Ihr diesen Kurs auf k\u00fcrzestem Wege erreicht. Soll hei\u00dfen: Wenn Ihr aktuell 005\u00b0 fahrt, und sollt jetzt auf 050\u00b0 drehen, dann solltet Ihr nach Steuerbord lenken. Und das f\u00e4llt viel leichter, wenn Ihr nicht erst \u00fcberlegen m\u00fcsst, in welcher Richtung 050\u00b0 aktuell ist.<\/p>\n<p><strong>Gegenkurs <\/strong><br \/>\nUns wurde gesagt\/angek\u00fcndigt\/angedroht, dass es sein kann, dass der Pr\u00fcfer das Kommando gibt, auf den Gegenkurs des aktuellen Kurses zu drehen. Je nach Kompass kann man den dort direkt ablesen, in der <em>Gisel A<\/em> allerdings z.B. nicht, dort sieht man nur jeweils die 60\u00b0 rechts und links vom aktuellen Kurs. Also sollte man vorher \u00fcben, den Gegenkurs schnell mal zu errechnen. Das geht auch wirklich einfach, man muss nur entweder 180\u00b0 addieren oder subtrahieren. Und zwar von 000-180\u00b0 Kompasskurs addieren, dar\u00fcber subtrahieren. Wer (wie ich) nicht so gut im Kopfrechnen ist, kann sich die Sache noch einfacher machen, indem man statt +180 einfach +200 und dann -20 rechnet, oder eben -200 und +20.<\/p>\n<p>Beispiel:<br \/>\nAktueller Kurs: 050\u00b0<br \/>\nGegenkurs: 50+200-20= 230\u00b0<\/p>\n<p>oder bei \u00fcber 180\u00b0:<br \/>\nAktueller Kurs: 240\u00b0<br \/>\nGegenkurs: 240-200+20=60\u00b0<\/p>\n<p>Einfach ein bisschen \u00fcben, das habt Ihr schnell raus.<\/p>\n<p><strong>Gradzahlen<\/strong><br \/>\nJetzt noch ein ganz wichtiger Hinweis zum Thema Gegenkurs, aber auch zum Thema Kurse an sich. Der Kompass in Eurem Pr\u00fcfungsboot wird aller Wahrscheinlichkeit nach kein digitaler sein, den man auf das Grad genau ablesen kann, sondern vermutlich eher so etwas wie auf dem Bild des Steuerstandes oben. Selbst wenn man dort vom Steuerstand aus tats\u00e4chlich ablesen k\u00f6nnte, dass man Kurs 067\u00b0 l\u00e4uft, der Pr\u00fcfer von seinem etwas anderen Blickwinkel aus kann es ganz bestimmt nicht mehr. Ihr fahrt also Kurs 070\u00b0, klar? Das spart Euch Rechnerei und Nerven.<\/p>\n<p><strong>Zu den einzelnen Man\u00f6vern:<\/strong><\/p>\n<p><strong>Pflicht:<\/strong><\/p>\n<p>1. Rettungsman\u00f6ver unter Maschine (Mensch \u00fcber Bord)<br \/>\nDas Ding muss sitzen, da gibt es nix. Ihr werdet die Abl\u00e4ufe durchgehen, pr\u00e4gt sie Euch gut ein. Je nach Pr\u00fcfer ist Eure Pr\u00fcfung sofort beendet, wenn nicht wenigstens sofort ausgekuppelt wird bei &#8222;Boje \u00fcber Bord&#8220;. Nach dem Auskuppeln und dem sofortigen Schwenk Richtung Boje habt Ihr aber wieder einen Moment zum Durchschnaufen, also nur die Ruhe und lieber alles richtig machen als zu schnell. <strong>Achtung, Falle!<\/strong> Auf unserem Boot war es so, dass es nur an Steuerbord die M\u00f6glichkeit gab, die Boje \u00fcber Bord zu werfen. Somit w\u00e4re also der Ruf &#8222;Boje \u00fcber Bord an Steuerbord&#8220; korrekt gewesen, gefolgt von einem sofortigen Drehen des Bootes nach Steuerbord, um das Heck (und damit die Schraube) von unserem Opfer wegzudrehen. Es konnte aber passieren, dass der Pr\u00fcfer &#8222;Boje \u00fcber Bord an Backbord&#8220; gerufen hat. In dem Fall war unbedingt nach Backbord zu drehen! Auch wenn man es an Steuerbord hat platschen h\u00f6ren!<\/p>\n<p>2. Anlegen unter Maschine<br \/>\nDie meisten Boote haben eine Schokoladenseite, an der sie besser anlegen, oder der Wind dr\u00fcckt einen an der einen Seite besonders g\u00fcnstig an den Steg. Ihr solltet aber in jedem Fall an beiden Seiten anlegen k\u00f6nnen, denn einerseits kann der Pr\u00fcfer sich eine Seite aussuchen, andererseits kann der Wind am Pr\u00fcfungstag pl\u00f6tzlich aus einer anderen Richtung wehen&#8230;<\/p>\n<p>3. Ablegen unter Maschine<br \/>\nH\u00e4ngt stark vom Boot ab, werdet Ihr ausreichend \u00fcben. Ist aber auch so ziemlich das einfachste Man\u00f6ver.<\/p>\n<p>4. Steuern nach Kompass<br \/>\nWie oben beschrieben gerade Zahlen angeben, auf dem k\u00fcrzesten Wege zum neuen Kurs, und wenn&#8217;s geht nicht \u00fcber den neuen Kurs hinaussteuern (also die Drehbewegung nicht erst abbrechen, wenn der neue Kurs schon auf dem Kompass steht). Wenn Ihr auf einem bestimmten Kompasskurs geradeaus fahren sollt, dann sucht Euch auf die Schnelle mal irgendeine Landmarke direkt vorm Bug, wenn ihr den Kurs erreicht habt. Es ist viel leichter, darauf genau zuzufahren als mit Blick auf den Kompasskurs.<\/p>\n<p>5. Peilen; Einfache oder Kreuzpeilung<br \/>\nHier kriegt Ihr einen Peilkompass in die Hand gedr\u00fcckt und sollt man eben eine Landmarke anpeilen. Runden auf 5er Gradzahlen sollte normal dicke ausreichen. Keine gro\u00dfe Sache.<\/p>\n<p><strong>K\u00fcr:<\/strong><\/p>\n<p>1. Kursgerechtes Aufstoppen<br \/>\nH\u00e4ngt stark vom Boot ab, bei unserem sollten wir zu Beginn des Man\u00f6vers kurz mal 30\u00b0 nach Backbord lenken, um den Radeffekt auszugleichen. Auch bei diesem Man\u00f6ver ist es eine gute Idee, sich vor dem Abstoppen eine Landmarke vor dem Bug auszusuchen, und dann auf diese statt auf den Kompasskurs zu achten. Wichtig: Das Man\u00f6ver ist erst vorbei, wenn ausgekuppelt ist.<\/p>\n<p>2. Wenden auf engem Raum<br \/>\nHaben wir nicht wirklich ge\u00fcbt, ist eine ziemliche Qu\u00e4lerei f\u00fcr das Getriebe des Bootes, weil man st\u00e4ndig vor- und zur\u00fcckschaltet.<\/p>\n<p>3. Steuern nach Schifffahrtszeichen\/Landmarken<br \/>\nWird wahrscheinlich bei der SBF-See-Pr\u00fcfung nicht kommen, weil man da ja schon nach Kompasskurs steuert. Sollte man nat\u00fcrlich trotzdem mal gemacht haben.<\/p>\n<p>4. Anlegen einer Rettungsweste\/eines Sicherheitsgurts<br \/>\nLeicht verdiente Punkte.<\/p>\n<p>5. Man\u00f6verschallsignal (eins von drei)<br \/>\nAuch hier k\u00f6nnen wir uns leicht Punkte verdienen, denn es gibt ja nur drei Signale im Seebereich.<\/p>\n<p>1x kurz f\u00fcr Drehen nach Steuerbord<br \/>\n2x kurz f\u00fcr Drehen nach Backbord<br \/>\n3x kurz f\u00fcr &#8222;Maschine l\u00e4uft r\u00fcckw\u00e4rts&#8220; (Achtung, das muss nicht zwingend bedeuten, dass Ihr auch schon r\u00fcckw\u00e4rts fahrt! Beim Aufstoppen w\u00e4re das z.B. auch schon richtig.)<\/p>\n<p>Dieser Pr\u00fcfungsteil wird gerne von Pr\u00fcfern mal eben im Nebensatz abgefragt oder in Verbindung mit einer anderen Aufgabe gebracht.<br \/>\n&#8222;Welcher Kurs liegt an?&#8220;<br \/>\n&#8222;Kurs 090&#8220;<br \/>\n&#8222;Wenn Sie auf Kurs 180 drehen w\u00fcrden, welches Schallsignal w\u00fcrden Sie dann geben&#8220;?<br \/>\nSo in der Art.<\/p>\n<p>Zu guter Letzt: Wenn Euch ein Man\u00f6ver missgl\u00fcckt, d\u00fcrft Ihr es 1x wiederholen. Wenn es dann klappt, ist alles gut und die Pr\u00fcfung geht weiter als ob nichts gewesen w\u00e4re. Es kann auch sein, dass der Pr\u00fcfer Euch erst einmal ein anderes Man\u00f6ver fahren l\u00e4sst. Richtet Euch in jedem Fall nach seinen Anweisungen. Und macht Euch blo\u00df nicht verr\u00fcckt, wenn einmal was schiefgeht.<\/p>\n<p>Weiter zur <a href=\"https:\/\/marcel2cv.de\/?page_id=611#ait\">Pr\u00fcfung See<\/a>.<\/p>\n","protected":false},"excerpt":{"rendered":"<p>09.04.2017 Endlich geht es los! Endlich d\u00fcrfen wir uns f\u00fcr wochenlanges Lernen mit praktischem Unterricht belohnen! Wir treffen uns mit einer kleinen Teilgruppe unseres Vorbereitungskurses (\u00fcber den die praktische Ausbildung<a href=\"https:\/\/marcel2cv.de\/?page_id=573\" class=\"more-link\"><span class=\"more-button\">Continue reading<span class=\"screen-reader-text\">SBF-Praxis<\/span><\/span><\/a><\/p>\n","protected":false},"author":2,"featured_media":0,"parent":510,"menu_order":50,"comment_status":"closed","ping_status":"closed","template":"","meta":{"footnotes":""},"class_list":["post-573","page","type-page","status-publish","hentry"],"_links":{"self":[{"href":"https:\/\/marcel2cv.de\/index.php?rest_route=\/wp\/v2\/pages\/573","targetHints":{"allow":["GET"]}}],"collection":[{"href":"https:\/\/marcel2cv.de\/index.php?rest_route=\/wp\/v2\/pages"}],"about":[{"href":"https:\/\/marcel2cv.de\/index.php?rest_route=\/wp\/v2\/types\/page"}],"author":[{"embeddable":true,"href":"https:\/\/marcel2cv.de\/index.php?rest_route=\/wp\/v2\/users\/2"}],"replies":[{"embeddable":true,"href":"https:\/\/marcel2cv.de\/index.php?rest_route=%2Fwp%2Fv2%2Fcomments&post=573"}],"version-history":[{"count":29,"href":"https:\/\/marcel2cv.de\/index.php?rest_route=\/wp\/v2\/pages\/573\/revisions"}],"predecessor-version":[{"id":881,"href":"https:\/\/marcel2cv.de\/index.php?rest_route=\/wp\/v2\/pages\/573\/revisions\/881"}],"up":[{"embeddable":true,"href":"https:\/\/marcel2cv.de\/index.php?rest_route=\/wp\/v2\/pages\/510"}],"wp:attachment":[{"href":"https:\/\/marcel2cv.de\/index.php?rest_route=%2Fwp%2Fv2%2Fmedia&parent=573"}],"curies":[{"name":"wp","href":"https:\/\/api.w.org\/{rel}","templated":true}]}}