{"id":538,"date":"2018-10-16T13:29:12","date_gmt":"2018-10-16T11:29:12","guid":{"rendered":"https:\/\/marcel2cv.de\/?page_id=538"},"modified":"2018-10-16T14:11:23","modified_gmt":"2018-10-16T12:11:23","slug":"sbf-vorwort","status":"publish","type":"page","link":"https:\/\/marcel2cv.de\/?page_id=538","title":{"rendered":"SBF-Vorwort"},"content":{"rendered":"<h1 id=\"ait\"><\/h1>\n<p>Vorab ein paar wichtige Infos: <\/p>\n<p>* Ich beschreibe hier, wie es mir ergangen ist und was f\u00fcr Erfahrungen ich gemacht habe. Das muss sich nat\u00fcrlich keinesfalls mit Eurem Weg zum SBF decken, zumal auch jeder Mensch anders lernt. Alles sehr subjektiv also. <\/p>\n<p>* Es gibt (anders als beim Autof\u00fchrerschein) keinerlei Verpflichtung, irgendeine Art von Kurs oder Fahrschule zu besuchen, um den SBF machen zu k\u00f6nnen. Theoretisch kann man auch alles ganz alleine lernen und mit jemandem, der ein Boot besitzt, zusammen f\u00fcr die Praxis \u00fcben. Optimalerweise w\u00fcrde dieser dann auch das Boot f\u00fcr die Pr\u00fcfung zur Verf\u00fcgung stellen, denn ein fremdes Boot reagiert dann wieder ganz anders und gerade am Anfang, zudem in einer Pr\u00fcfungssituation, stelle ich mir das nicht so toll vor. Der von mir besuchte Kurs wurde vom M\u00fclheimer Sportbund angeboten und war deutlich billiger als vergleichbare Angebote von Bootsfahrschulen, hatte daf\u00fcr aber auch wesentlich weniger Theorieunterricht und man war deutlich mehr aufs eigenst\u00e4ndige Lernen angewiesen. Quasi in der Mitte zwischen den beiden Extremen also.<\/p>\n<p>* F\u00fcr die, die wie ich beide F\u00fchrerscheine (also Binnen und See) machen m\u00f6chten, ist der SBF See der richtige Einstieg, denn in dieser Reihenfolge spart man sich nicht nur einige Fragen in der Theoriepr\u00fcfung sowie die zweite Vorf\u00fchrung der Knoten (das w\u00fcrde so auch funktionieren, wenn man als Inhaber von Binnen sp\u00e4ter See macht), sondern man spart sich auch die zweite praktische Pr\u00fcfung, weil die vom SBF See die Inhalte der Binnenpr\u00fcfung einschlie\u00dft. Und auch wenn es mit dem SKS weitergehen soll, ben\u00f6tigt man erst einmal den SBF See.<\/p>\n<p>* Zum Zeitbedarf: Ich w\u00fcrde f\u00fcr die komplette Geschichte mit beiden F\u00fchrerscheinen ungef\u00e4hr zwei Monate veranschlagen, davon ca. sechs Wochen f\u00fcr den SBF See mit all seinen Bestandteilen und dann noch mal zwei Wochen f\u00fcr den Rest, der f\u00fcr die Binnen-Theorie noch gelernt werden muss. Das ist gut zu schaffen. Deutlich k\u00fcrzer stelle ich mir anstrengend vor, zumindest als normal Berufst\u00e4tiger. <\/p>\n<p>Weiter zu den <a href=\"https:\/\/marcel2cv.de\/?page_id=512#ait\">ben\u00f6tigten Materialien<\/a>.<\/p>\n","protected":false},"excerpt":{"rendered":"<p>Vorab ein paar wichtige Infos: * Ich beschreibe hier, wie es mir ergangen ist und was f\u00fcr Erfahrungen ich gemacht habe. Das muss sich nat\u00fcrlich keinesfalls mit Eurem Weg zum<a href=\"https:\/\/marcel2cv.de\/?page_id=538\" class=\"more-link\"><span class=\"more-button\">Continue reading<span class=\"screen-reader-text\">SBF-Vorwort<\/span><\/span><\/a><\/p>\n","protected":false},"author":2,"featured_media":0,"parent":510,"menu_order":5,"comment_status":"closed","ping_status":"closed","template":"","meta":{"footnotes":""},"class_list":["post-538","page","type-page","status-publish","hentry"],"_links":{"self":[{"href":"https:\/\/marcel2cv.de\/index.php?rest_route=\/wp\/v2\/pages\/538","targetHints":{"allow":["GET"]}}],"collection":[{"href":"https:\/\/marcel2cv.de\/index.php?rest_route=\/wp\/v2\/pages"}],"about":[{"href":"https:\/\/marcel2cv.de\/index.php?rest_route=\/wp\/v2\/types\/page"}],"author":[{"embeddable":true,"href":"https:\/\/marcel2cv.de\/index.php?rest_route=\/wp\/v2\/users\/2"}],"replies":[{"embeddable":true,"href":"https:\/\/marcel2cv.de\/index.php?rest_route=%2Fwp%2Fv2%2Fcomments&post=538"}],"version-history":[{"count":6,"href":"https:\/\/marcel2cv.de\/index.php?rest_route=\/wp\/v2\/pages\/538\/revisions"}],"predecessor-version":[{"id":547,"href":"https:\/\/marcel2cv.de\/index.php?rest_route=\/wp\/v2\/pages\/538\/revisions\/547"}],"up":[{"embeddable":true,"href":"https:\/\/marcel2cv.de\/index.php?rest_route=\/wp\/v2\/pages\/510"}],"wp:attachment":[{"href":"https:\/\/marcel2cv.de\/index.php?rest_route=%2Fwp%2Fv2%2Fmedia&parent=538"}],"curies":[{"name":"wp","href":"https:\/\/api.w.org\/{rel}","templated":true}]}}