{"id":510,"date":"2018-10-16T12:16:16","date_gmt":"2018-10-16T10:16:16","guid":{"rendered":"https:\/\/marcel2cv.de\/?page_id=510"},"modified":"2018-10-25T09:32:19","modified_gmt":"2018-10-25T07:32:19","slug":"mein-weg-zum-sportbootfuehrerschein","status":"publish","type":"page","link":"https:\/\/marcel2cv.de\/?page_id=510","title":{"rendered":"Mein Weg zum Sportbootf\u00fchrerschein"},"content":{"rendered":"<h1 id=\"ait\"><\/h1>\n<p><a href=\"https:\/\/marcel2cv.de\/?page_id=538#ait\">* Vorwort<\/a><br \/>\n<a href=\"https:\/\/marcel2cv.de\/?page_id=512#ait\">* Ben\u00f6tigte Materialien<\/a><br \/>\n<a href=\"https:\/\/marcel2cv.de\/?page_id=518#ait\">* Vorbereitungskurs<\/a><br \/>\n<a href=\"https:\/\/marcel2cv.de\/?page_id=560#ait\">* Lernphase<\/a><br \/>\n<a href=\"https:\/\/marcel2cv.de\/?page_id=564#ait\">* Knoten<\/a><br \/>\n<a href=\"https:\/\/marcel2cv.de\/?page_id=573#ait\">* Praxis<\/a><br \/>\n<a href=\"https:\/\/marcel2cv.de\/?page_id=611#ait\">* Pr\u00fcfung See<\/a><br \/>\n<a href=\"https:\/\/marcel2cv.de\/?page_id=630#ait\">* Lernphase 2<\/a><br \/>\n<a href=\"https:\/\/marcel2cv.de\/?page_id=634#ait\">* Pr\u00fcfung Binnen<\/a><\/p>\n","protected":false},"excerpt":{"rendered":"<p>* Vorwort * Ben\u00f6tigte Materialien * Vorbereitungskurs * Lernphase * Knoten * Praxis * Pr\u00fcfung See * Lernphase 2 * Pr\u00fcfung Binnen<\/p>\n","protected":false},"author":2,"featured_media":0,"parent":523,"menu_order":0,"comment_status":"closed","ping_status":"closed","template":"","meta":{"footnotes":""},"class_list":["post-510","page","type-page","status-publish","hentry"],"_links":{"self":[{"href":"https:\/\/marcel2cv.de\/index.php?rest_route=\/wp\/v2\/pages\/510","targetHints":{"allow":["GET"]}}],"collection":[{"href":"https:\/\/marcel2cv.de\/index.php?rest_route=\/wp\/v2\/pages"}],"about":[{"href":"https:\/\/marcel2cv.de\/index.php?rest_route=\/wp\/v2\/types\/page"}],"author":[{"embeddable":true,"href":"https:\/\/marcel2cv.de\/index.php?rest_route=\/wp\/v2\/users\/2"}],"replies":[{"embeddable":true,"href":"https:\/\/marcel2cv.de\/index.php?rest_route=%2Fwp%2Fv2%2Fcomments&post=510"}],"version-history":[{"count":15,"href":"https:\/\/marcel2cv.de\/index.php?rest_route=\/wp\/v2\/pages\/510\/revisions"}],"predecessor-version":[{"id":638,"href":"https:\/\/marcel2cv.de\/index.php?rest_route=\/wp\/v2\/pages\/510\/revisions\/638"}],"up":[{"embeddable":true,"href":"https:\/\/marcel2cv.de\/index.php?rest_route=\/wp\/v2\/pages\/523"}],"wp:attachment":[{"href":"https:\/\/marcel2cv.de\/index.php?rest_route=%2Fwp%2Fv2%2Fmedia&parent=510"}],"curies":[{"name":"wp","href":"https:\/\/api.w.org\/{rel}","templated":true}]}}